{"id":241102,"date":"2025-12-18T11:22:53","date_gmt":"2025-12-18T10:22:53","guid":{"rendered":"https:\/\/www.ibanrocaarquitecte.com\/new-serveis\/"},"modified":"2026-01-02T08:35:23","modified_gmt":"2026-01-02T07:35:23","slug":"servicios","status":"publish","type":"page","link":"https:\/\/www.ibanrocaarquitecte.com\/es\/servicios\/","title":{"rendered":"Servicios"},"content":{"rendered":"<p>[et_pb_section fb_built=\u00bb1&#8243; custom_padding_last_edited=\u00bbon|phone\u00bb _builder_version=\u00bb4.27.2&#8243; _module_preset=\u00bbdefault\u00bb background_image=\u00bbhttps:\/\/www.ibanrocaarquitecte.com\/wp-content\/uploads\/2025\/12\/iban-roca-arquitecte-Mesa-de-trabajo-2-100.jpg\u00bb custom_padding=\u00bb123px||123px||true|false\u00bb custom_padding_tablet=\u00bb123px||123px||true|false\u00bb custom_padding_phone=\u00bb21px||16px||false|false\u00bb global_colors_info=\u00bb{}\u00bb][et_pb_row _builder_version=\u00bb4.27.2&#8243; _module_preset=\u00bbdefault\u00bb width=\u00bb90%\u00bb max_width=\u00bb90%\u00bb global_colors_info=\u00bb{}\u00bb][et_pb_column type=\u00bb4_4&#8243; _builder_version=\u00bb4.27.2&#8243; _module_preset=\u00bbdefault\u00bb global_colors_info=\u00bb{}\u00bb][dsm_block_reveal_text block_reveal_text=\u00bbSERVICIOS\u00bb block_reveal_color=\u00bb#A4A500&#8243; _builder_version=\u00bb4.27.2&#8243; _module_preset=\u00bbdefault\u00bb header_font=\u00bbSpace Grotesk|500|||||||\u00bb header_text_color=\u00bb#FFFFFF\u00bb header_font_size=\u00bb85px\u00bb header_font_size_tablet=\u00bb85px\u00bb header_font_size_phone=\u00bb45px\u00bb header_font_size_last_edited=\u00bbon|phone\u00bb global_colors_info=\u00bb{}\u00bb][\/dsm_block_reveal_text][\/et_pb_column][\/et_pb_row][\/et_pb_section][et_pb_section fb_built=\u00bb1&#8243; custom_padding_last_edited=\u00bbon|phone\u00bb _builder_version=\u00bb4.27.2&#8243; _module_preset=\u00bbdefault\u00bb background_enable_image=\u00bboff\u00bb custom_padding=\u00bb34px||34px||true|false\u00bb custom_padding_tablet=\u00bb79px||79px||true|false\u00bb custom_padding_phone=\u00bb14px||79px||false|false\u00bb global_colors_info=\u00bb{}\u00bb][et_pb_row column_structure=\u00bb1_2,1_2&#8243; use_custom_gutter=\u00bbon\u00bb gutter_width=\u00bb4&#8243; _builder_version=\u00bb4.27.2&#8243; _module_preset=\u00bbdefault\u00bb width=\u00bb90%\u00bb max_width=\u00bb90%\u00bb global_colors_info=\u00bb{}\u00bb][et_pb_column type=\u00bb1_2&#8243; _builder_version=\u00bb4.27.2&#8243; _module_preset=\u00bbdefault\u00bb global_colors_info=\u00bb{}\u00bb][dsm_typing_effect typing_effect=\u00bbLo m\u00e1s importante es comunicar a trav\u00e9s de la arquitectura.\u00bb before_new_line=\u00bboff\u00bb typing_loop=\u00bboff\u00bb typing_remove_cursor=\u00bbon\u00bb typing_speed=\u00bb50ms\u00bb _builder_version=\u00bb4.27.2&#8243; _module_preset=\u00bbdefault\u00bb header_font=\u00bbSpace Grotesk|300|||||||\u00bb header_text_color=\u00bb#000000&#8243; header_font_size=\u00bb40px\u00bb header_line_height=\u00bb1.2em\u00bb header_font_size_tablet=\u00bb40px\u00bb header_font_size_phone=\u00bb25px\u00bb header_font_size_last_edited=\u00bbon|phone\u00bb global_colors_info=\u00bb{}\u00bb][\/dsm_typing_effect][\/et_pb_column][et_pb_column type=\u00bb1_2&#8243; _builder_version=\u00bb4.27.2&#8243; _module_preset=\u00bbdefault\u00bb global_colors_info=\u00bb{}\u00bb][et_pb_accordion _builder_version=\u00bb4.27.2&#8243; _module_preset=\u00bbdefault\u00bb hover_enabled=\u00bb0&#8243; custom_css_toggle=\u00bb||\u00bb global_colors_info=\u00bb{}\u00bb sticky_enabled=\u00bb0&#8243;][et_pb_accordion_item title=\u00bb01. Edi\ufb01caci\u00f3n\u00bb open=\u00bbon\u00bb open_toggle_text_color=\u00bb#000000&#8243; closed_toggle_background_color=\u00bb#FFFFFF\u00bb icon_color=\u00bb#000000&#8243; toggle_icon=\u00bb&#x22;||divi||400&#8243; _builder_version=\u00bb4.27.2&#8243; _module_preset=\u00bbdefault\u00bb body_font=\u00bbSpace Grotesk|300|||||||\u00bb body_text_color=\u00bb#000000&#8243; text_orientation=\u00bbleft\u00bb custom_margin=\u00bb||0px||false|false\u00bb hover_enabled=\u00bb0&#8243; border_width_all=\u00bb0px\u00bb border_width_bottom=\u00bb1px\u00bb border_color_bottom=\u00bb#000000&#8243; global_colors_info=\u00bb{}\u00bb toggle_text_color=\u00bb#000000&#8243; toggle_level=\u00bbh2&#8243; toggle_font=\u00bbSpace Grotesk||||||||\u00bb toggle_font_size=\u00bb25px\u00bb toggle_line_height=\u00bb1.3em\u00bb toggle_font_size_tablet=\u00bb25px\u00bb toggle_font_size_phone=\u00bb20px\u00bb toggle_font_size_last_edited=\u00bbon|phone\u00bb sticky_enabled=\u00bb0&#8243;]<\/p>\n<h5>En Iban Roca Arquitecto ofrecemos un servicio integral de edificaci\u00f3n.<\/h5>\n<p>Incluye la redacci\u00f3n de proyectos de obra nueva, reformas y rehabilitaciones. Tambi\u00e9n realizamos informes para Inspecciones T\u00e9cnicas de Edificios (ITE), c\u00e9dulas de habitabilidad, certificaciones energ\u00e9ticas y estudios t\u00e9cnicos espec\u00edficos. Nos encargamos de gestionar todo el proceso, desde el asesoramiento inicial hasta la tramitaci\u00f3n de licencias, para garantizar la m\u00e1xima calidad y seguridad en cada proyecto.  <\/p>\n<p>&gt; Informes de inspecciones t\u00e9cnicas<br \/>&gt; C\u00e9dulas de habitabilidad de 1a y 2a ocupaci\u00f3n<br \/>&gt; Certificaciones energ\u00e9ticas para edificios<br \/>&gt; Estudios, planos y coordinaciones de seguridad<br \/>&gt; Proyectos de interiorismo<br \/>&gt; Proyectos de actividad por apertura de establecimientos<br \/>&gt; Direcciones de obra y de ejecuci\u00f3n de las obras<br \/>&gt; Proyectos de restituci\u00f3n de la legalidad alterada<br \/>&gt; Legalizaciones de obras existentes<br \/>&gt; Redacci\u00f3n de proyectos de ejecuci\u00f3n<br \/>&gt; Redacci\u00f3n de proyectos b\u00e0sicos<\/p>\n<p>[\/et_pb_accordion_item][et_pb_accordion_item title=\u00bb02. Urbanismo\u00bb open_toggle_text_color=\u00bb#000000&#8243; closed_toggle_background_color=\u00bb#FFFFFF\u00bb icon_color=\u00bb#000000&#8243; toggle_icon=\u00bb&#x22;||divi||400&#8243; _builder_version=\u00bb4.27.2&#8243; _module_preset=\u00bbdefault\u00bb body_font=\u00bbSpace Grotesk|300|||||||\u00bb body_text_color=\u00bb#000000&#8243; text_orientation=\u00bbleft\u00bb custom_margin=\u00bb||0px||false|false\u00bb hover_enabled=\u00bb0&#8243; border_width_all=\u00bb0px\u00bb border_width_bottom=\u00bb1px\u00bb border_color_bottom=\u00bb#000000&#8243; global_colors_info=\u00bb{}\u00bb toggle_text_color=\u00bb#000000&#8243; toggle_level=\u00bbh2&#8243; toggle_font=\u00bbSpace Grotesk||||||||\u00bb toggle_font_size=\u00bb25px\u00bb toggle_line_height=\u00bb1.3em\u00bb toggle_font_size_tablet=\u00bb25px\u00bb toggle_font_size_phone=\u00bb20px\u00bb toggle_font_size_last_edited=\u00bbon|phone\u00bb open=\u00bboff\u00bb sticky_enabled=\u00bb0&#8243;]<\/p>\n<p>&gt; Modificaciones puntuales de planeamiento<br \/>&gt; Planos parciales<br \/>&gt; Planos de actuaciones espec\u00edficos<br \/>&gt; Planos de mejora urbana<br \/>&gt; Proyectos de reparcelaci\u00f3n<br \/>&gt; Proyectos de segregaci\u00f3n y divisi\u00f3n horizontal<br \/>&gt; Proyectos de urbanizaci\u00f3n<br \/>&gt; Proyectos paisaj\u00edsticos<\/p>\n<p>[\/et_pb_accordion_item][et_pb_accordion_item title=\u00bb03. Project management\u00bb open_toggle_text_color=\u00bb#000000&#8243; closed_toggle_background_color=\u00bb#FFFFFF\u00bb icon_color=\u00bb#000000&#8243; toggle_icon=\u00bb&#x22;||divi||400&#8243; _builder_version=\u00bb4.27.2&#8243; _module_preset=\u00bbdefault\u00bb body_font=\u00bbSpace Grotesk|300|||||||\u00bb body_text_color=\u00bb#000000&#8243; text_orientation=\u00bbleft\u00bb custom_margin=\u00bb||0px||false|false\u00bb hover_enabled=\u00bb0&#8243; border_width_all=\u00bb0px\u00bb border_width_bottom=\u00bb1px\u00bb border_color_bottom=\u00bb#000000&#8243; global_colors_info=\u00bb{}\u00bb toggle_text_color=\u00bb#000000&#8243; toggle_level=\u00bbh2&#8243; toggle_font=\u00bbSpace Grotesk||||||||\u00bb toggle_font_size=\u00bb25px\u00bb toggle_line_height=\u00bb1.3em\u00bb toggle_font_size_tablet=\u00bb25px\u00bb toggle_font_size_phone=\u00bb20px\u00bb toggle_font_size_last_edited=\u00bbon|phone\u00bb open=\u00bboff\u00bb sticky_enabled=\u00bb0&#8243;]<\/p>\n<p>&gt; Gesti\u00f3n y control de costes y tiempo<br \/>&gt; Gesti\u00f3n y control de calidad<br \/>&gt; Estudios de viabilidad econ\u00f3mica de proyectos<br \/>&gt; Gesti\u00f3n de subvenciones<br \/>&gt; Direcciones de obras y ejecuci\u00f3n<\/p>\n<p>[\/et_pb_accordion_item][et_pb_accordion_item title=\u00bb04. Peritajes por patolog\u00edas de edificaci\u00f3n\u00bb open_toggle_text_color=\u00bb#000000&#8243; closed_toggle_background_color=\u00bb#FFFFFF\u00bb icon_color=\u00bb#000000&#8243; toggle_icon=\u00bb&#x22;||divi||400&#8243; _builder_version=\u00bb4.27.2&#8243; _module_preset=\u00bbdefault\u00bb body_font=\u00bbSpace Grotesk|300|||||||\u00bb body_text_color=\u00bb#000000&#8243; text_orientation=\u00bbleft\u00bb custom_margin=\u00bb||0px||false|false\u00bb hover_enabled=\u00bb0&#8243; border_width_all=\u00bb0px\u00bb border_width_bottom=\u00bb1px\u00bb border_color_bottom=\u00bb#000000&#8243; global_colors_info=\u00bb{}\u00bb toggle_text_color=\u00bb#000000&#8243; toggle_level=\u00bbh2&#8243; toggle_font=\u00bbSpace Grotesk||||||||\u00bb toggle_font_size=\u00bb25px\u00bb toggle_line_height=\u00bb1.3em\u00bb toggle_font_size_tablet=\u00bb25px\u00bb toggle_font_size_phone=\u00bb20px\u00bb toggle_font_size_last_edited=\u00bbon|phone\u00bb open=\u00bboff\u00bb sticky_enabled=\u00bb0&#8243;]<\/p>\n<p>&gt; Miembro de la asociaci\u00f3n de arquitectos expertos peritos y forenses mediadores<br \/>&gt; Encargos de la administraci\u00f3n de justicia<br \/>&gt; Comunidades de propietarios<br \/>&gt; \u00c1mbito privado<br \/>&gt; Auditor\u00edas de proyectos<br \/>&gt; Informes, dict\u00e1menes y tasaciones<\/p>\n<p>[\/et_pb_accordion_item][\/et_pb_accordion][\/et_pb_column][\/et_pb_row][\/et_pb_section][et_pb_section fb_built=\u00bb1&#8243; custom_padding_last_edited=\u00bbon|phone\u00bb _builder_version=\u00bb4.27.2&#8243; _module_preset=\u00bbdefault\u00bb background_color=\u00bb#F2F2F2&#8243; background_image=\u00bbhttps:\/\/www.ibanrocaarquitecte.com\/wp-content\/uploads\/2025\/12\/iban-roca-arquitecte-Mesa-de-trabajo-3-100.jpg\u00bb background_size=\u00bbcontain\u00bb background_position=\u00bbcenter_right\u00bb custom_padding=\u00bb38px||38px||true|false\u00bb custom_padding_tablet=\u00bb123px||123px||true|false\u00bb custom_padding_phone=\u00bb12px||68px||false|false\u00bb background_last_edited=\u00bbon|phone\u00bb background_position_phone=\u00bbbottom_right\u00bb global_colors_info=\u00bb{}\u00bb][et_pb_row column_structure=\u00bb1_2,1_2&#8243; _builder_version=\u00bb4.27.2&#8243; _module_preset=\u00bbdefault\u00bb width=\u00bb90%\u00bb max_width=\u00bb90%\u00bb global_colors_info=\u00bb{}\u00bb][et_pb_column type=\u00bb1_2&#8243; _builder_version=\u00bb4.27.2&#8243; _module_preset=\u00bbdefault\u00bb global_colors_info=\u00bb{}\u00bb][et_pb_text _builder_version=\u00bb4.27.2&#8243; _module_preset=\u00bbdefault\u00bb text_font=\u00bbSpace Grotesk|300|||||||\u00bb text_text_color=\u00bb#000000&#8243; text_font_size=\u00bb40px\u00bb text_line_height=\u00bb1.4em\u00bb text_font_size_tablet=\u00bb40px\u00bb text_font_size_phone=\u00bb21px\u00bb text_font_size_last_edited=\u00bbon|phone\u00bb text_line_height_tablet=\u00bb1.4em\u00bb text_line_height_phone=\u00bb1.2em\u00bb text_line_height_last_edited=\u00bbon|phone\u00bb global_colors_info=\u00bb{}\u00bb]<\/p>\n<p>Pensar, buscar y proyectar<br \/>son acciones inevitables para<br \/>construir el futuro.<\/p>\n<p>[\/et_pb_text][et_pb_button button_text=\u00bbCONTACTO\u00bb button_alignment=\u00bbleft\u00bb _builder_version=\u00bb4.27.2&#8243; _module_preset=\u00bbdefault\u00bb custom_button=\u00bbon\u00bb button_text_size=\u00bb16px\u00bb button_text_color=\u00bb#000000&#8243; button_border_width=\u00bb0px\u00bb button_border_radius=\u00bb0px\u00bb button_font=\u00bbSpace Grotesk|300|||||||\u00bb button_icon=\u00bb&#x24;||divi||400&#8243; button_on_hover=\u00bboff\u00bb custom_margin=\u00bb-25px|||||\u00bb global_colors_info=\u00bb{}\u00bb][\/et_pb_button][\/et_pb_column][et_pb_column type=\u00bb1_2&#8243; _builder_version=\u00bb4.27.2&#8243; _module_preset=\u00bbdefault\u00bb global_colors_info=\u00bb{}\u00bb][\/et_pb_column][\/et_pb_row][\/et_pb_section]<\/p>\n","protected":false},"excerpt":{"rendered":"<p><div class=\"et_pb_module dsm_block_reveal_text dsm_block_reveal_text_0\">\n\t\t\t\t\n\t\t\t\t\n\t\t\t\t\n\t\t\t\t\n\t\t\t\t\n\t\t\t\t\n\t\t\t\t<div class=\"et_pb_module_inner\">\n\t\t\t\t\t<div class=\"dsm_block_reveal_text_wrapper\" data-dsm-block-reveal-text=[{\"animation\":\"lr\",\"color\":\"#A4A500\",\"delay\":\"0.1\",\"viewport\":\"80%\"}]><h2 class=\"dsm_block_reveal_text_header et_pb_module_header\">SERVICIOS<\/h2><\/div>\n\t\t\t\t<\/div>\n\t\t\t<\/div><div class=\"et_pb_module dsm_typing_effect dsm_typing_effect_0 et_pb_bg_layout_light \">\n\t\t\t\t\n\t\t\t\t\n\t\t\t\t\n\t\t\t\t\n\t\t\t\t\n\t\t\t\t\n\t\t\t\t<div class=\"et_pb_module_inner\">\n\t\t\t\t\t<h1 class=\"dsm-typing-effect et_pb_module_header\"><span class=\"dsm-typing-wrapper\"><span class=\"dsm-typing-strings\">Lo m\u00e1s importante es comunicar a trav\u00e9s de la arquitectura.<\/span><span class=\"dsm-typing\" data-dsm-typing-strings=\"Lo m\u00e1s importante es comunicar a trav\u00e9s de la arquitectura.\" data-dsm-typing-speed=50ms data-dsm-typing-backspeed=50ms data-dsm-typing-backdelay=700ms data-dsm-typing-cursor=| data-dsm-typing-loop=false data-dsm-typing-remove-cursor=on data-dsm-typing-fadeout=false data-dsm-typing-shuffle=false data-dsm-typing-delay=0ms data-dsm-typing-viewport=80% data-dsm-typing-repeat=on><\/span><\/span><\/h1>\n\t\t\t\t<\/div>\n\t\t\t<\/div>En Iban Roca Arquitecto ofrecemos un servicio integral de edificaci\u00f3n. Incluye la redacci\u00f3n de proyectos de obra nueva, [&hellip;]<\/p>\n","protected":false},"author":3,"featured_media":0,"parent":0,"menu_order":0,"comment_status":"closed","ping_status":"closed","template":"","meta":{"_et_pb_use_builder":"on","_et_pb_old_content":"","_et_gb_content_width":"","footnotes":""},"class_list":["post-241102","page","type-page","status-publish","hentry"],"yoast_head":"<!-- This site is optimized with the Yoast SEO plugin v27.4 - https:\/\/yoast.com\/product\/yoast-seo-wordpress\/ -->\n<title>Servicios - Iban Roca - Arquitecte i associats<\/title>\n<meta name=\"robots\" content=\"index, follow, max-snippet:-1, max-image-preview:large, max-video-preview:-1\" \/>\n<link rel=\"canonical\" href=\"https:\/\/www.ibanrocaarquitecte.com\/es\/servicios\/\" \/>\n<meta property=\"og:locale\" content=\"es_ES\" \/>\n<meta property=\"og:type\" content=\"article\" \/>\n<meta property=\"og:title\" content=\"Servicios - Iban Roca - Arquitecte i associats\" \/>\n<meta property=\"og:description\" content=\"En Iban Roca Arquitecto ofrecemos un servicio integral de edificaci\u00f3n. Incluye la redacci\u00f3n de proyectos de obra nueva, [&hellip;]\" \/>\n<meta property=\"og:url\" content=\"https:\/\/www.ibanrocaarquitecte.com\/es\/servicios\/\" \/>\n<meta property=\"og:site_name\" content=\"Iban Roca - Arquitecte i associats\" \/>\n<meta property=\"article:modified_time\" content=\"2026-01-02T07:35:23+00:00\" \/>\n<meta name=\"twitter:card\" content=\"summary_large_image\" \/>\n<meta name=\"twitter:label1\" content=\"Tiempo de lectura\" \/>\n\t<meta name=\"twitter:data1\" content=\"6 minutos\" \/>\n<script type=\"application\/ld+json\" class=\"yoast-schema-graph\">{\"@context\":\"https:\\\/\\\/schema.org\",\"@graph\":[{\"@type\":\"WebPage\",\"@id\":\"https:\\\/\\\/www.ibanrocaarquitecte.com\\\/es\\\/servicios\\\/\",\"url\":\"https:\\\/\\\/www.ibanrocaarquitecte.com\\\/es\\\/servicios\\\/\",\"name\":\"Servicios - Iban Roca - Arquitecte i associats\",\"isPartOf\":{\"@id\":\"https:\\\/\\\/www.ibanrocaarquitecte.com\\\/es\\\/#website\"},\"datePublished\":\"2025-12-18T10:22:53+00:00\",\"dateModified\":\"2026-01-02T07:35:23+00:00\",\"breadcrumb\":{\"@id\":\"https:\\\/\\\/www.ibanrocaarquitecte.com\\\/es\\\/servicios\\\/#breadcrumb\"},\"inLanguage\":\"es\",\"potentialAction\":[{\"@type\":\"ReadAction\",\"target\":[\"https:\\\/\\\/www.ibanrocaarquitecte.com\\\/es\\\/servicios\\\/\"]}]},{\"@type\":\"BreadcrumbList\",\"@id\":\"https:\\\/\\\/www.ibanrocaarquitecte.com\\\/es\\\/servicios\\\/#breadcrumb\",\"itemListElement\":[{\"@type\":\"ListItem\",\"position\":1,\"name\":\"Portada\",\"item\":\"https:\\\/\\\/www.ibanrocaarquitecte.com\\\/es\\\/proyectos\\\/\"},{\"@type\":\"ListItem\",\"position\":2,\"name\":\"Servicios\"}]},{\"@type\":\"WebSite\",\"@id\":\"https:\\\/\\\/www.ibanrocaarquitecte.com\\\/es\\\/#website\",\"url\":\"https:\\\/\\\/www.ibanrocaarquitecte.com\\\/es\\\/\",\"name\":\"Iban Roca - Arquitecte\",\"description\":\"Estudi d&#039;arquitectura a Girona\",\"potentialAction\":[{\"@type\":\"SearchAction\",\"target\":{\"@type\":\"EntryPoint\",\"urlTemplate\":\"https:\\\/\\\/www.ibanrocaarquitecte.com\\\/es\\\/?s={search_term_string}\"},\"query-input\":{\"@type\":\"PropertyValueSpecification\",\"valueRequired\":true,\"valueName\":\"search_term_string\"}}],\"inLanguage\":\"es\"}]}<\/script>\n<!-- \/ Yoast SEO plugin. -->","yoast_head_json":{"title":"Servicios - Iban Roca - Arquitecte i associats","robots":{"index":"index","follow":"follow","max-snippet":"max-snippet:-1","max-image-preview":"max-image-preview:large","max-video-preview":"max-video-preview:-1"},"canonical":"https:\/\/www.ibanrocaarquitecte.com\/es\/servicios\/","og_locale":"es_ES","og_type":"article","og_title":"Servicios - Iban Roca - Arquitecte i associats","og_description":"En Iban Roca Arquitecto ofrecemos un servicio integral de edificaci\u00f3n. Incluye la redacci\u00f3n de proyectos de obra nueva, [&hellip;]","og_url":"https:\/\/www.ibanrocaarquitecte.com\/es\/servicios\/","og_site_name":"Iban Roca - Arquitecte i associats","article_modified_time":"2026-01-02T07:35:23+00:00","twitter_card":"summary_large_image","twitter_misc":{"Tiempo de lectura":"6 minutos"},"schema":{"@context":"https:\/\/schema.org","@graph":[{"@type":"WebPage","@id":"https:\/\/www.ibanrocaarquitecte.com\/es\/servicios\/","url":"https:\/\/www.ibanrocaarquitecte.com\/es\/servicios\/","name":"Servicios - Iban Roca - Arquitecte i associats","isPartOf":{"@id":"https:\/\/www.ibanrocaarquitecte.com\/es\/#website"},"datePublished":"2025-12-18T10:22:53+00:00","dateModified":"2026-01-02T07:35:23+00:00","breadcrumb":{"@id":"https:\/\/www.ibanrocaarquitecte.com\/es\/servicios\/#breadcrumb"},"inLanguage":"es","potentialAction":[{"@type":"ReadAction","target":["https:\/\/www.ibanrocaarquitecte.com\/es\/servicios\/"]}]},{"@type":"BreadcrumbList","@id":"https:\/\/www.ibanrocaarquitecte.com\/es\/servicios\/#breadcrumb","itemListElement":[{"@type":"ListItem","position":1,"name":"Portada","item":"https:\/\/www.ibanrocaarquitecte.com\/es\/proyectos\/"},{"@type":"ListItem","position":2,"name":"Servicios"}]},{"@type":"WebSite","@id":"https:\/\/www.ibanrocaarquitecte.com\/es\/#website","url":"https:\/\/www.ibanrocaarquitecte.com\/es\/","name":"Iban Roca - Arquitecte","description":"Estudi d&#039;arquitectura a Girona","potentialAction":[{"@type":"SearchAction","target":{"@type":"EntryPoint","urlTemplate":"https:\/\/www.ibanrocaarquitecte.com\/es\/?s={search_term_string}"},"query-input":{"@type":"PropertyValueSpecification","valueRequired":true,"valueName":"search_term_string"}}],"inLanguage":"es"}]}},"_links":{"self":[{"href":"https:\/\/www.ibanrocaarquitecte.com\/es\/wp-json\/wp\/v2\/pages\/241102","targetHints":{"allow":["GET"]}}],"collection":[{"href":"https:\/\/www.ibanrocaarquitecte.com\/es\/wp-json\/wp\/v2\/pages"}],"about":[{"href":"https:\/\/www.ibanrocaarquitecte.com\/es\/wp-json\/wp\/v2\/types\/page"}],"author":[{"embeddable":true,"href":"https:\/\/www.ibanrocaarquitecte.com\/es\/wp-json\/wp\/v2\/users\/3"}],"replies":[{"embeddable":true,"href":"https:\/\/www.ibanrocaarquitecte.com\/es\/wp-json\/wp\/v2\/comments?post=241102"}],"version-history":[{"count":0,"href":"https:\/\/www.ibanrocaarquitecte.com\/es\/wp-json\/wp\/v2\/pages\/241102\/revisions"}],"wp:attachment":[{"href":"https:\/\/www.ibanrocaarquitecte.com\/es\/wp-json\/wp\/v2\/media?parent=241102"}],"curies":[{"name":"wp","href":"https:\/\/api.w.org\/{rel}","templated":true}]}}