{"id":241098,"date":"2025-12-29T15:32:35","date_gmt":"2025-12-29T14:32:35","guid":{"rendered":"https:\/\/www.ibanrocaarquitecte.com\/new-oficina\/"},"modified":"2026-01-02T07:48:21","modified_gmt":"2026-01-02T06:48:21","slug":"oficina","status":"publish","type":"page","link":"https:\/\/www.ibanrocaarquitecte.com\/es\/oficina\/","title":{"rendered":"Oficina"},"content":{"rendered":"<p>[et_pb_section fb_built=\u00bb1&#8243; custom_padding_last_edited=\u00bbon|phone\u00bb _builder_version=\u00bb4.27.2&#8243; _module_preset=\u00bbdefault\u00bb background_image=\u00bbhttps:\/\/www.ibanrocaarquitecte.com\/wp-content\/uploads\/2025\/12\/iban-roca-arquitecte-Mesa-de-trabajo-2.jpg\u00bb custom_padding=\u00bb123px||123px||true|false\u00bb custom_padding_tablet=\u00bb123px||123px||true|false\u00bb custom_padding_phone=\u00bb21px||16px||false|false\u00bb global_colors_info=\u00bb{}\u00bb][et_pb_row _builder_version=\u00bb4.27.2&#8243; _module_preset=\u00bbdefault\u00bb width=\u00bb90%\u00bb max_width=\u00bb90%\u00bb global_colors_info=\u00bb{}\u00bb][et_pb_column type=\u00bb4_4&#8243; _builder_version=\u00bb4.27.2&#8243; _module_preset=\u00bbdefault\u00bb global_colors_info=\u00bb{}\u00bb][dsm_block_reveal_text block_reveal_text=\u00bbOFICINA\u00bb block_reveal_color=\u00bb#A4A500&#8243; _builder_version=\u00bb4.27.2&#8243; _module_preset=\u00bbdefault\u00bb header_font=\u00bbSpace Grotesk|500|||||||\u00bb header_text_color=\u00bb#FFFFFF\u00bb header_font_size=\u00bb85px\u00bb header_font_size_tablet=\u00bb85px\u00bb header_font_size_phone=\u00bb45px\u00bb header_font_size_last_edited=\u00bbon|phone\u00bb global_colors_info=\u00bb{}\u00bb][\/dsm_block_reveal_text][\/et_pb_column][\/et_pb_row][\/et_pb_section][et_pb_section fb_built=\u00bb1&#8243; custom_padding_last_edited=\u00bbon|phone\u00bb _builder_version=\u00bb4.27.2&#8243; _module_preset=\u00bbdefault\u00bb background_enable_image=\u00bboff\u00bb custom_padding=\u00bb34px||34px||true|false\u00bb custom_padding_tablet=\u00bb79px||79px||true|false\u00bb custom_padding_phone=\u00bb14px||79px||false|false\u00bb global_colors_info=\u00bb{}\u00bb][et_pb_row column_structure=\u00bb1_2,1_2&#8243; use_custom_gutter=\u00bbon\u00bb gutter_width=\u00bb4&#8243; _builder_version=\u00bb4.27.2&#8243; _module_preset=\u00bbdefault\u00bb width=\u00bb90%\u00bb max_width=\u00bb90%\u00bb global_colors_info=\u00bb{}\u00bb][et_pb_column type=\u00bb1_2&#8243; _builder_version=\u00bb4.27.2&#8243; _module_preset=\u00bbdefault\u00bb global_colors_info=\u00bb{}\u00bb][dsm_typing_effect before_typing_effect=\u00bbM\u00e1s de 25 a\u00f1os de experiencia en proyectos privados y p\u00fablicos. \u00bb typing_effect=\u00bbPlanificaci\u00f3n, urbanismo, arquitectura y paisaje.\u00bb before_new_line=\u00bboff\u00bb typing_loop=\u00bboff\u00bb typing_remove_cursor=\u00bbon\u00bb typing_speed=\u00bb50ms\u00bb _builder_version=\u00bb4.27.2&#8243; _module_preset=\u00bbdefault\u00bb header_font=\u00bbSpace Grotesk|300|||||||\u00bb header_text_color=\u00bb#000000&#8243; header_font_size=\u00bb40px\u00bb header_line_height=\u00bb1.2em\u00bb header_font_size_tablet=\u00bb40px\u00bb header_font_size_phone=\u00bb25px\u00bb header_font_size_last_edited=\u00bbon|phone\u00bb global_colors_info=\u00bb{}\u00bb][\/dsm_typing_effect][\/et_pb_column][et_pb_column type=\u00bb1_2&#8243; _builder_version=\u00bb4.27.2&#8243; _module_preset=\u00bbdefault\u00bb global_colors_info=\u00bb{}\u00bb][et_pb_accordion _builder_version=\u00bb4.27.2&#8243; _module_preset=\u00bbdefault\u00bb hover_enabled=\u00bb0&#8243; custom_css_toggle=\u00bb||\u00bb global_colors_info=\u00bb{}\u00bb sticky_enabled=\u00bb0&#8243;][et_pb_accordion_item title=\u00bb01. Iban Roca Vil\u00e0: arquitecto y asociados\u00bb open_toggle_text_color=\u00bb#000000&#8243; closed_toggle_background_color=\u00bb#FFFFFF\u00bb icon_color=\u00bb#000000&#8243; toggle_icon=\u00bb&#x22;||divi||400&#8243; _builder_version=\u00bb4.27.2&#8243; _module_preset=\u00bbdefault\u00bb body_font=\u00bbSpace Grotesk|300|||||||\u00bb body_text_color=\u00bb#000000&#8243; text_orientation=\u00bbleft\u00bb custom_margin=\u00bb||0px||false|false\u00bb hover_enabled=\u00bb0&#8243; border_width_all=\u00bb0px\u00bb border_width_bottom=\u00bb1px\u00bb border_color_bottom=\u00bb#000000&#8243; global_colors_info=\u00bb{}\u00bb toggle_text_color=\u00bb#000000&#8243; toggle_level=\u00bbh2&#8243; toggle_font=\u00bbSpace Grotesk||||||||\u00bb toggle_font_size=\u00bb25px\u00bb toggle_line_height=\u00bb1.3em\u00bb toggle_font_size_tablet=\u00bb25px\u00bb toggle_font_size_phone=\u00bb20px\u00bb toggle_font_size_last_edited=\u00bbon|phone\u00bb open=\u00bbon\u00bb sticky_enabled=\u00bb0&#8243;]<\/p>\n<p>Fundada por Iban Roca y Vil\u00e0, el a\u00f1o1999. Iban Roca Vil\u00e0, Arquitecto y Asociados es una empresa de dise\u00f1o de \u00faltima generaci\u00f3n dedicada a pr\u00e1cticas de planificaci\u00f3n, urbanismo, arquitectura y paisaje. Basada en una amplia gama de edificios en los \u00faltimos a\u00f1os, el estudio quiere convertirse en un foco de cr\u00edtica e innovaci\u00f3n de la arquitectura de nuestra tierra.<\/p>\n<p>Conscientemente alejada de muchos otros estudios de arquitectura de la misma generaci\u00f3n que se ven focalizados por una tendencia de hacer ruido y protagonismo, la oficina quiere mantenerse desatada de cualquier movimiento o premisa formal y su enfoque se sit\u00faa constantemente en la realizaci\u00f3n de visiones e ideas urbanas. Aunque las obras construidas de la oficina Iban Roca Vil\u00e0, arquitectes i asociats pueden tener resultados m\u00e1s o menos ecl\u00e9cticos, sus edificios y paisajes intentan que conduzcan en un debate intelectual dentro y fuera del estudio. Con una voluntad de que sus resultados est\u00e9n arraigados en un entorno hist\u00f3rico y cultural.  <\/p>\n<p>[\/et_pb_accordion_item][et_pb_accordion_item title=\u00bb02. Iban Roca Vil\u00e0: arquitecto y director\u00bb open_toggle_text_color=\u00bb#000000&#8243; closed_toggle_background_color=\u00bb#FFFFFF\u00bb icon_color=\u00bb#000000&#8243; toggle_icon=\u00bb&#x22;||divi||400&#8243; _builder_version=\u00bb4.27.2&#8243; _module_preset=\u00bbdefault\u00bb body_font=\u00bbSpace Grotesk|300|||||||\u00bb body_text_color=\u00bb#000000&#8243; text_orientation=\u00bbleft\u00bb custom_margin=\u00bb||0px||false|false\u00bb hover_enabled=\u00bb0&#8243; border_width_all=\u00bb0px\u00bb border_width_bottom=\u00bb1px\u00bb border_color_bottom=\u00bb#000000&#8243; global_colors_info=\u00bb{}\u00bb toggle_text_color=\u00bb#000000&#8243; toggle_level=\u00bbh2&#8243; toggle_font=\u00bbSpace Grotesk||||||||\u00bb toggle_font_size=\u00bb25px\u00bb toggle_line_height=\u00bb1.3em\u00bb toggle_font_size_tablet=\u00bb25px\u00bb toggle_font_size_phone=\u00bb20px\u00bb toggle_font_size_last_edited=\u00bbon|phone\u00bb open=\u00bboff\u00bb sticky_enabled=\u00bb0&#8243;]<\/p>\n<p><span>Iban Roca i Vil\u00e0 fund\u00f3 su oficina en 1999. Durante 25 a\u00f1os ha realizado una amplia variedad de proyectos, acumulando una experiencia que quiere aplicar al despacho de forma discreta, respondiendo a las demandas de sus clientes para crear edificios donde ellos sean los verdaderos protagonistas. <\/span><\/p>\n<p>Naci\u00f3 en Girona en 1974 y obtuvo el t\u00edtulo de Arquitecto por la Universidad Polit\u00e9cnica de Catalu\u00f1a en 1999. Durante los a\u00f1os de universidad, realiz\u00f3 pr\u00e1cticas en las oficinas de arquitectura de TAU, Arquitectura y Urbanismo, Josep Mi\u00e0s, arquitecto, y Alex Sibils, arquitectura. <\/p>\n<p>[\/et_pb_accordion_item][et_pb_accordion_item title=\u00bb03. Pr\u00e1ctica arquitect\u00f3nica\u00bb open_toggle_text_color=\u00bb#000000&#8243; closed_toggle_background_color=\u00bb#FFFFFF\u00bb icon_color=\u00bb#000000&#8243; toggle_icon=\u00bb&#x22;||divi||400&#8243; _builder_version=\u00bb4.27.2&#8243; _module_preset=\u00bbdefault\u00bb body_font=\u00bbSpace Grotesk|300|||||||\u00bb body_text_color=\u00bb#000000&#8243; text_orientation=\u00bbleft\u00bb custom_margin=\u00bb||0px||false|false\u00bb hover_enabled=\u00bb0&#8243; border_width_all=\u00bb0px\u00bb border_width_bottom=\u00bb1px\u00bb border_color_bottom=\u00bb#000000&#8243; global_colors_info=\u00bb{}\u00bb toggle_text_color=\u00bb#000000&#8243; toggle_level=\u00bbh2&#8243; toggle_font=\u00bbSpace Grotesk||||||||\u00bb toggle_font_size=\u00bb25px\u00bb toggle_line_height=\u00bb1.3em\u00bb toggle_font_size_tablet=\u00bb25px\u00bb toggle_font_size_phone=\u00bb20px\u00bb toggle_font_size_last_edited=\u00bbon|phone\u00bb open=\u00bboff\u00bb sticky_enabled=\u00bb0&#8243;]<\/p>\n<p><span>En el ejercicio de su profesi\u00f3n, algunos de sus encargos privados m\u00e1s destacados incluyen la rehabilitaci\u00f3n de la Cl\u00ednica Mu\u00f1oz para oficinas y locales comerciales (junto con A. Sibils), un conjunto de 144 viviendas en Girona, una reforma de entrada para un edificio plurifamiliar (Acc\u00e9sit en los Premios del Colegio de Arquitectos, 2005) y la reforma de la fachada de un edificio de 45 viviendas.<\/span><\/p>\n<p>Entre sus m\u00e9ritos profesionales para entidades p\u00fablicas, cabe mencionar el edificio de 19 viviendas de protecci\u00f3n oficial en Campdev\u00e0nol, una zona verde para el Ayuntamiento de Girona, la primera fase del N\u00facleo Antiguo de La Bisbal d\u2019Empord\u00e0, el Centro de Salud Mental del Giron\u00e9s y Pla de l\u2019Estany, la ampliaci\u00f3n del Bloque Quir\u00fargico del Hospital Santa Caterina de Salt, y la reforma de la cubierta del Museo de l\u2019Empord\u00e0 en Figueres para la instalaci\u00f3n de paneles solares, entre otros.<\/p>\n<p>Pensar, buscar y proyectar son acciones inevitables para construir el futuro. El entorno cultural y la historia m\u00e1s reciente deben integrarse en nuestro pensamiento al ejercer nuestra profesi\u00f3n como arquitectos. <\/p>\n<p>Iban Roca i Vil\u00e0 es arquitecto y visador en el Colegio de Arquitectos de Catalu\u00f1a, adem\u00e1s de ser miembro de la Asociaci\u00f3n de Arquitectos Expertos, Peritos Forenses y Mediadores de Catalu\u00f1a.<\/p>\n<p>[\/et_pb_accordion_item][et_pb_accordion_item title=\u00bb04. Filosofia de trabajo\u00bb open=\u00bboff\u00bb open_toggle_text_color=\u00bb#000000&#8243; closed_toggle_background_color=\u00bb#FFFFFF\u00bb icon_color=\u00bb#000000&#8243; toggle_icon=\u00bb&#x22;||divi||400&#8243; _builder_version=\u00bb4.27.2&#8243; _module_preset=\u00bbdefault\u00bb body_font=\u00bbSpace Grotesk|300|||||||\u00bb body_text_color=\u00bb#000000&#8243; text_orientation=\u00bbleft\u00bb custom_margin=\u00bb||0px||false|false\u00bb hover_enabled=\u00bb0&#8243; border_width_all=\u00bb0px\u00bb border_color_bottom=\u00bb#000000&#8243; global_colors_info=\u00bb{}\u00bb toggle_text_color=\u00bb#000000&#8243; toggle_level=\u00bbh2&#8243; toggle_font=\u00bbSpace Grotesk||||||||\u00bb toggle_font_size=\u00bb25px\u00bb toggle_line_height=\u00bb1.3em\u00bb toggle_font_size_tablet=\u00bb25px\u00bb toggle_font_size_phone=\u00bb20px\u00bb toggle_font_size_last_edited=\u00bbon|phone\u00bb sticky_enabled=\u00bb0&#8243;]<\/p>\n<p>El despacho intenta iniciar, desarrollar, seguir e implementar ideas creativas, innovadoras y ambiciosas. Nuestra m\u00e1xima prioridad es encontrar soluciones \u00f3ptimas sostenibles que contribuyan significativamente a la transformaci\u00f3n cualitativa del entorno construido. <\/p>\n<p><strong>1 &gt; Sostenible y responsable<\/strong><\/p>\n<p>Nuestros proyectos y realizaciones aportan una contribuci\u00f3n substancial a la cultura de la construcci\u00f3n contempor\u00e1nea y futura en el \u00e1mbito sociocultural, econ\u00f3mico y ambiental. Nos tomamos en serio nuestra responsabilidad hacia la sociedad y buscamos soluciones innovadoras, sostenibles. El trabajo proactivo es uno de nuestros principios.  <\/p>\n<p><strong>2 &gt; Creativo y orientado a soluciones<\/strong><\/p>\n<p>Valoramos una concepci\u00f3n no dogm\u00e1tica de la arquitectura, desarrollando conceptos arquitect\u00f3nicos y de dise\u00f1o inspirados en las tareas que nos encomiendan. Para conseguir los objetivos de nuestros clientes, propondremos soluciones lo m\u00e1s creativas posibles. Nuestros proyectos se conciben como trabajos a medida.  <\/p>\n<p><strong>3 &gt; Eficiente y consciente de los costes<\/strong><\/p>\n<p>Trabajamos de forma eficiente, flexible y consciente de los costes. Continuamos centrados en los objetivos de nuestros clientes y estamos abiertos a modificaciones en el proceso de desarrollo y optimizaci\u00f3n de nuestros proyectos. <\/p>\n<p><strong>4 &gt; Innovador e interdisciplinario<\/strong><\/p>\n<p>Para satisfacer nuestros propios requisitos de innovaci\u00f3n y sostenibilidad, participamos activamente en proyectos de investigaci\u00f3n en los que integramos sus resultados en nuestro trabajo. Adem\u00e1s, podemos formar equipos interdisciplinares para la gesti\u00f3n de tareas complejas. Buscamos a los socios m\u00e1s competentes en su \u00e1mbito y favorecemos las colaboraciones a largo plazo por el beneficio de nuestros clientes.  <\/p>\n<p><strong>5 &gt; Competitivo y asesor<\/strong><\/p>\n<p>La participaci\u00f3n en concursos es parte esencial de nuestra adquisici\u00f3n de conocimientos y contribuye a nuestro desarrollo de calidad. De la misma forma, nuestro compromiso continuo con redes especializadas e instituciones nos permite aportar una contribuci\u00f3n activa al desarrollo e influencia de la profesi\u00f3n. <\/p>\n<p><strong>6 &gt; Equilibrado y cualitativo<\/strong><\/p>\n<p>Buscamos una estabilidad financiera, que garantice la solidez de nuestra empresa a largo plazo. Nuestro objetivo es satisfacer tanto a los altos est\u00e1ndares de nuestros clientes como a las ambiciones espec\u00edficas de la profesi\u00f3n. Para nosotros, el crecimiento cualitativo es mayor que el desarrollo cuantitativo.  <\/p>\n<p><strong>7 &gt; Justo<\/strong><\/p>\n<p>Somos una oficina de arquitectura que tiene una cultura corporativa abierta, esmerada y comprometida. Mujeres y hombres son tratados de forma justa y equitativa. Los salarios tendr\u00e1n en cuenta las pr\u00e1cticas de la profesi\u00f3n y el rendimiento espec\u00edfico. Ofrecemos a nuestros empleados un entorno de trabajo estimulante y posibilidades de realizaci\u00f3n de forma personalizada. Esperamos de todos nuestros empleados un alto sentido de la responsabilidad y un buen esp\u00edritu de equipo.    <\/p>\n<p>[\/et_pb_accordion_item][\/et_pb_accordion][\/et_pb_column][\/et_pb_row][\/et_pb_section][et_pb_section fb_built=\u00bb1&#8243; custom_padding_last_edited=\u00bbon|phone\u00bb _builder_version=\u00bb4.27.2&#8243; _module_preset=\u00bbdefault\u00bb background_color=\u00bb#F2F2F2&#8243; background_enable_image=\u00bboff\u00bb background_size=\u00bbcontain\u00bb background_position=\u00bbcenter_right\u00bb custom_padding=\u00bb38px||38px||true|false\u00bb custom_padding_tablet=\u00bb123px||123px||true|false\u00bb custom_padding_phone=\u00bb12px||68px||false|false\u00bb background_last_edited=\u00bbon|phone\u00bb background_position_phone=\u00bbbottom_right\u00bb global_colors_info=\u00bb{}\u00bb][et_pb_row column_structure=\u00bb1_2,1_4,1_4&#8243; use_custom_gutter=\u00bbon\u00bb gutter_width=\u00bb2&#8243; _builder_version=\u00bb4.27.2&#8243; _module_preset=\u00bbdefault\u00bb width=\u00bb90%\u00bb max_width=\u00bb90%\u00bb global_colors_info=\u00bb{}\u00bb][et_pb_column type=\u00bb1_2&#8243; _builder_version=\u00bb4.27.2&#8243; _module_preset=\u00bbdefault\u00bb global_colors_info=\u00bb{}\u00bb][et_pb_text _builder_version=\u00bb4.27.2&#8243; _module_preset=\u00bbdefault\u00bb text_font=\u00bbSpace Grotesk|300|||||||\u00bb text_text_color=\u00bb#000000&#8243; text_font_size=\u00bb40px\u00bb text_line_height=\u00bb1.4em\u00bb text_font_size_tablet=\u00bb40px\u00bb text_font_size_phone=\u00bb21px\u00bb text_font_size_last_edited=\u00bbon|phone\u00bb text_line_height_tablet=\u00bb1.4em\u00bb text_line_height_phone=\u00bb1.2em\u00bb text_line_height_last_edited=\u00bbon|phone\u00bb global_colors_info=\u00bb{}\u00bb]<\/p>\n<p>Compromiso con soluciones<br \/>sostenibles, responsables<br \/>y eficientes.<\/p>\n<p>[\/et_pb_text][et_pb_button button_text=\u00bbCONTACTO\u00bb button_alignment=\u00bbleft\u00bb _builder_version=\u00bb4.27.2&#8243; _module_preset=\u00bbdefault\u00bb custom_button=\u00bbon\u00bb button_text_size=\u00bb16px\u00bb button_text_color=\u00bb#000000&#8243; button_border_width=\u00bb0px\u00bb button_border_radius=\u00bb0px\u00bb button_font=\u00bbSpace Grotesk|300|||||||\u00bb button_icon=\u00bb&#x24;||divi||400&#8243; button_on_hover=\u00bboff\u00bb custom_margin=\u00bb2px||||false|false\u00bb global_colors_info=\u00bb{}\u00bb][\/et_pb_button][\/et_pb_column][et_pb_column type=\u00bb1_4&#8243; _builder_version=\u00bb4.27.2&#8243; _module_preset=\u00bbdefault\u00bb global_colors_info=\u00bb{}\u00bb][et_pb_image src=\u00bbhttps:\/\/www.ibanrocaarquitecte.com\/wp-content\/uploads\/2025\/12\/iban-roca-arquitecte-Mesa-de-trabajo-3.jpg\u00bb title_text=\u00bbiban-roca-arquitecte-Mesa de trabajo 3&#8243; force_fullwidth=\u00bbon\u00bb _builder_version=\u00bb4.27.2&#8243; _module_preset=\u00bbdefault\u00bb global_colors_info=\u00bb{}\u00bb][\/et_pb_image][\/et_pb_column][et_pb_column type=\u00bb1_4&#8243; _builder_version=\u00bb4.27.2&#8243; _module_preset=\u00bbdefault\u00bb global_colors_info=\u00bb{}\u00bb][et_pb_image src=\u00bbhttps:\/\/www.ibanrocaarquitecte.com\/wp-content\/uploads\/2025\/12\/iban-roca-arquitecte-Mesa-de-trabajo-4.jpg\u00bb title_text=\u00bbiban-roca-arquitecte-Mesa de trabajo 4&#8243; force_fullwidth=\u00bbon\u00bb _builder_version=\u00bb4.27.2&#8243; _module_preset=\u00bbdefault\u00bb global_colors_info=\u00bb{}\u00bb][\/et_pb_image][\/et_pb_column][\/et_pb_row][\/et_pb_section]<\/p>\n","protected":false},"excerpt":{"rendered":"<p><div class=\"et_pb_module dsm_block_reveal_text dsm_block_reveal_text_0\">\n\t\t\t\t\n\t\t\t\t\n\t\t\t\t\n\t\t\t\t\n\t\t\t\t\n\t\t\t\t\n\t\t\t\t<div class=\"et_pb_module_inner\">\n\t\t\t\t\t<div class=\"dsm_block_reveal_text_wrapper\" data-dsm-block-reveal-text=[{\"animation\":\"lr\",\"color\":\"#A4A500\",\"delay\":\"0.1\",\"viewport\":\"80%\"}]><h2 class=\"dsm_block_reveal_text_header et_pb_module_header\">OFICINA<\/h2><\/div>\n\t\t\t\t<\/div>\n\t\t\t<\/div><div class=\"et_pb_module dsm_typing_effect dsm_typing_effect_0 et_pb_bg_layout_light \">\n\t\t\t\t\n\t\t\t\t\n\t\t\t\t\n\t\t\t\t\n\t\t\t\t\n\t\t\t\t\n\t\t\t\t<div class=\"et_pb_module_inner\">\n\t\t\t\t\t<h1 class=\"dsm-typing-effect et_pb_module_header\"><span class=\"dsm-before-typing-effect\">M\u00e1s de 25 a\u00f1os de experiencia en proyectos privados y p\u00fablicos. &nbsp;<\/span><span class=\"dsm-typing-wrapper\"><span class=\"dsm-typing-strings\">Planificaci\u00f3n, urbanismo, arquitectura y paisaje.<\/span><span class=\"dsm-typing\" data-dsm-typing-strings=\"Planificaci\u00f3n, urbanismo, arquitectura y paisaje.\" data-dsm-typing-speed=50ms data-dsm-typing-backspeed=50ms data-dsm-typing-backdelay=700ms data-dsm-typing-cursor=| data-dsm-typing-loop=false data-dsm-typing-remove-cursor=on data-dsm-typing-fadeout=false data-dsm-typing-shuffle=false data-dsm-typing-delay=0ms data-dsm-typing-viewport=80% data-dsm-typing-repeat=on><\/span><\/span><\/h1>\n\t\t\t\t<\/div>\n\t\t\t<\/div>Fundada por Iban Roca y Vil\u00e0, el a\u00f1o1999. Iban Roca Vil\u00e0, [&hellip;]<\/p>\n","protected":false},"author":3,"featured_media":0,"parent":0,"menu_order":0,"comment_status":"closed","ping_status":"closed","template":"","meta":{"_et_pb_use_builder":"on","_et_pb_old_content":"","_et_gb_content_width":"","footnotes":""},"class_list":["post-241098","page","type-page","status-publish","hentry"],"yoast_head":"<!-- This site is optimized with the Yoast SEO plugin v27.4 - https:\/\/yoast.com\/product\/yoast-seo-wordpress\/ -->\n<title>Oficina - Iban Roca - Arquitecte i associats<\/title>\n<meta name=\"robots\" content=\"index, follow, max-snippet:-1, max-image-preview:large, max-video-preview:-1\" \/>\n<link rel=\"canonical\" href=\"https:\/\/www.ibanrocaarquitecte.com\/es\/oficina\/\" \/>\n<meta property=\"og:locale\" content=\"es_ES\" \/>\n<meta property=\"og:type\" content=\"article\" \/>\n<meta property=\"og:title\" content=\"Oficina - Iban Roca - Arquitecte i associats\" \/>\n<meta property=\"og:description\" content=\"Fundada por Iban Roca y Vil\u00e0, el a\u00f1o1999. Iban Roca Vil\u00e0, [&hellip;]\" \/>\n<meta property=\"og:url\" content=\"https:\/\/www.ibanrocaarquitecte.com\/es\/oficina\/\" \/>\n<meta property=\"og:site_name\" content=\"Iban Roca - Arquitecte i associats\" \/>\n<meta property=\"article:modified_time\" content=\"2026-01-02T06:48:21+00:00\" \/>\n<meta name=\"twitter:card\" content=\"summary_large_image\" \/>\n<meta name=\"twitter:label1\" content=\"Tiempo de lectura\" \/>\n\t<meta name=\"twitter:data1\" content=\"10 minutos\" \/>\n<script type=\"application\/ld+json\" class=\"yoast-schema-graph\">{\"@context\":\"https:\\\/\\\/schema.org\",\"@graph\":[{\"@type\":\"WebPage\",\"@id\":\"https:\\\/\\\/www.ibanrocaarquitecte.com\\\/es\\\/oficina\\\/\",\"url\":\"https:\\\/\\\/www.ibanrocaarquitecte.com\\\/es\\\/oficina\\\/\",\"name\":\"Oficina - Iban Roca - Arquitecte i associats\",\"isPartOf\":{\"@id\":\"https:\\\/\\\/www.ibanrocaarquitecte.com\\\/es\\\/#website\"},\"datePublished\":\"2025-12-29T14:32:35+00:00\",\"dateModified\":\"2026-01-02T06:48:21+00:00\",\"breadcrumb\":{\"@id\":\"https:\\\/\\\/www.ibanrocaarquitecte.com\\\/es\\\/oficina\\\/#breadcrumb\"},\"inLanguage\":\"es\",\"potentialAction\":[{\"@type\":\"ReadAction\",\"target\":[\"https:\\\/\\\/www.ibanrocaarquitecte.com\\\/es\\\/oficina\\\/\"]}]},{\"@type\":\"BreadcrumbList\",\"@id\":\"https:\\\/\\\/www.ibanrocaarquitecte.com\\\/es\\\/oficina\\\/#breadcrumb\",\"itemListElement\":[{\"@type\":\"ListItem\",\"position\":1,\"name\":\"Portada\",\"item\":\"https:\\\/\\\/www.ibanrocaarquitecte.com\\\/es\\\/proyectos\\\/\"},{\"@type\":\"ListItem\",\"position\":2,\"name\":\"Oficina\"}]},{\"@type\":\"WebSite\",\"@id\":\"https:\\\/\\\/www.ibanrocaarquitecte.com\\\/es\\\/#website\",\"url\":\"https:\\\/\\\/www.ibanrocaarquitecte.com\\\/es\\\/\",\"name\":\"Iban Roca - Arquitecte\",\"description\":\"Estudi d&#039;arquitectura a Girona\",\"potentialAction\":[{\"@type\":\"SearchAction\",\"target\":{\"@type\":\"EntryPoint\",\"urlTemplate\":\"https:\\\/\\\/www.ibanrocaarquitecte.com\\\/es\\\/?s={search_term_string}\"},\"query-input\":{\"@type\":\"PropertyValueSpecification\",\"valueRequired\":true,\"valueName\":\"search_term_string\"}}],\"inLanguage\":\"es\"}]}<\/script>\n<!-- \/ Yoast SEO plugin. -->","yoast_head_json":{"title":"Oficina - Iban Roca - Arquitecte i associats","robots":{"index":"index","follow":"follow","max-snippet":"max-snippet:-1","max-image-preview":"max-image-preview:large","max-video-preview":"max-video-preview:-1"},"canonical":"https:\/\/www.ibanrocaarquitecte.com\/es\/oficina\/","og_locale":"es_ES","og_type":"article","og_title":"Oficina - Iban Roca - Arquitecte i associats","og_description":"Fundada por Iban Roca y Vil\u00e0, el a\u00f1o1999. Iban Roca Vil\u00e0, [&hellip;]","og_url":"https:\/\/www.ibanrocaarquitecte.com\/es\/oficina\/","og_site_name":"Iban Roca - Arquitecte i associats","article_modified_time":"2026-01-02T06:48:21+00:00","twitter_card":"summary_large_image","twitter_misc":{"Tiempo de lectura":"10 minutos"},"schema":{"@context":"https:\/\/schema.org","@graph":[{"@type":"WebPage","@id":"https:\/\/www.ibanrocaarquitecte.com\/es\/oficina\/","url":"https:\/\/www.ibanrocaarquitecte.com\/es\/oficina\/","name":"Oficina - Iban Roca - Arquitecte i associats","isPartOf":{"@id":"https:\/\/www.ibanrocaarquitecte.com\/es\/#website"},"datePublished":"2025-12-29T14:32:35+00:00","dateModified":"2026-01-02T06:48:21+00:00","breadcrumb":{"@id":"https:\/\/www.ibanrocaarquitecte.com\/es\/oficina\/#breadcrumb"},"inLanguage":"es","potentialAction":[{"@type":"ReadAction","target":["https:\/\/www.ibanrocaarquitecte.com\/es\/oficina\/"]}]},{"@type":"BreadcrumbList","@id":"https:\/\/www.ibanrocaarquitecte.com\/es\/oficina\/#breadcrumb","itemListElement":[{"@type":"ListItem","position":1,"name":"Portada","item":"https:\/\/www.ibanrocaarquitecte.com\/es\/proyectos\/"},{"@type":"ListItem","position":2,"name":"Oficina"}]},{"@type":"WebSite","@id":"https:\/\/www.ibanrocaarquitecte.com\/es\/#website","url":"https:\/\/www.ibanrocaarquitecte.com\/es\/","name":"Iban Roca - Arquitecte","description":"Estudi d&#039;arquitectura a Girona","potentialAction":[{"@type":"SearchAction","target":{"@type":"EntryPoint","urlTemplate":"https:\/\/www.ibanrocaarquitecte.com\/es\/?s={search_term_string}"},"query-input":{"@type":"PropertyValueSpecification","valueRequired":true,"valueName":"search_term_string"}}],"inLanguage":"es"}]}},"_links":{"self":[{"href":"https:\/\/www.ibanrocaarquitecte.com\/es\/wp-json\/wp\/v2\/pages\/241098","targetHints":{"allow":["GET"]}}],"collection":[{"href":"https:\/\/www.ibanrocaarquitecte.com\/es\/wp-json\/wp\/v2\/pages"}],"about":[{"href":"https:\/\/www.ibanrocaarquitecte.com\/es\/wp-json\/wp\/v2\/types\/page"}],"author":[{"embeddable":true,"href":"https:\/\/www.ibanrocaarquitecte.com\/es\/wp-json\/wp\/v2\/users\/3"}],"replies":[{"embeddable":true,"href":"https:\/\/www.ibanrocaarquitecte.com\/es\/wp-json\/wp\/v2\/comments?post=241098"}],"version-history":[{"count":0,"href":"https:\/\/www.ibanrocaarquitecte.com\/es\/wp-json\/wp\/v2\/pages\/241098\/revisions"}],"wp:attachment":[{"href":"https:\/\/www.ibanrocaarquitecte.com\/es\/wp-json\/wp\/v2\/media?parent=241098"}],"curies":[{"name":"wp","href":"https:\/\/api.w.org\/{rel}","templated":true}]}}