{"id":239091,"date":"2021-09-10T10:16:30","date_gmt":"2021-09-10T08:16:30","guid":{"rendered":"https:\/\/www.ibanrocaarquitecte.com\/politica-de-cookies\/"},"modified":"2024-08-06T09:49:31","modified_gmt":"2024-08-06T07:49:31","slug":"politica-de-cookies","status":"publish","type":"page","link":"https:\/\/www.ibanrocaarquitecte.com\/es\/politica-de-cookies\/","title":{"rendered":"Pol\u00edtica de Cookies"},"content":{"rendered":"<p>[et_pb_section fb_built=\u00bb1&#8243; _builder_version=\u00bb4.25.1&#8243; _module_preset=\u00bbdefault\u00bb global_colors_info=\u00bb{}\u00bb theme_builder_area=\u00bbpost_content\u00bb][et_pb_row _builder_version=\u00bb4.25.1&#8243; _module_preset=\u00bbdefault\u00bb animation_style=\u00bbslide\u00bb animation_direction=\u00bbtop\u00bb animation_duration=\u00bb1600ms\u00bb animation_intensity_slide=\u00bb12%\u00bb animation_starting_opacity=\u00bb6%\u00bb global_colors_info=\u00bb{}\u00bb theme_builder_area=\u00bbpost_content\u00bb][et_pb_column type=\u00bb4_4&#8243; _builder_version=\u00bb4.25.1&#8243; _module_preset=\u00bbdefault\u00bb global_colors_info=\u00bb{}\u00bb theme_builder_area=\u00bbpost_content\u00bb][et_pb_text _builder_version=\u00bb4.25.1&#8243; _module_preset=\u00bbdefault\u00bb header_font=\u00bbPoppins|800|||||||\u00bb header_text_color=\u00bb#6b6b6b\u00bb header_font_size=\u00bb34px\u00bb hover_enabled=\u00bb0&#8243; global_colors_info=\u00bb{}\u00bb theme_builder_area=\u00bbpost_content\u00bb sticky_enabled=\u00bb0&#8243;]<\/p>\n<h1>Pol\u00edtica de cookies<\/h1>\n<p>[\/et_pb_text][et_pb_divider color=\u00bb#9ac31c\u00bb _builder_version=\u00bb4.25.1&#8243; _module_preset=\u00bbdefault\u00bb locked=\u00bboff\u00bb global_colors_info=\u00bb{}\u00bb theme_builder_area=\u00bbpost_content\u00bb][\/et_pb_divider][\/et_pb_column][\/et_pb_row][et_pb_row _builder_version=\u00bb4.25.1&#8243; _module_preset=\u00bbdefault\u00bb global_colors_info=\u00bb{}\u00bb theme_builder_area=\u00bbpost_content\u00bb][et_pb_column type=\u00bb4_4&#8243; _builder_version=\u00bb4.25.1&#8243; _module_preset=\u00bbdefault\u00bb global_colors_info=\u00bb{}\u00bb theme_builder_area=\u00bbpost_content\u00bb][et_pb_text _builder_version=\u00bb4.25.1&#8243; _module_preset=\u00bbdefault\u00bb text_font=\u00bbPoppins|300|||||||\u00bb text_orientation=\u00bbjustified\u00bb hover_enabled=\u00bb0&#8243; text_orientation_tablet=\u00bbjustified\u00bb text_orientation_phone=\u00bbleft\u00bb text_orientation_last_edited=\u00bbon|phone\u00bb global_colors_info=\u00bb{}\u00bb theme_builder_area=\u00bbpost_content\u00bb sticky_enabled=\u00bb0&#8243;]<\/p>\n<p>Nuestro sitio web utiliza una tecnolog\u00eda llamada \u00abcookie\u00bb, con el fin de poder obtener informaci\u00f3n sobre el uso del sitio web, mejorar la experiencia del usuario y garantizar el su correcto funcionamiento. <strong> <\/strong><\/p>\n<p><strong>Definici\u00f3n de cookie<\/strong> Una \u00abcookie\u00bb es un peque\u00f1o fragmento de texto que los sitios web env\u00edan al navegador y que se almacenan en el terminal del usuario, (ordenador o dispositivo m\u00f3vil). Estos archivos tienen la finalidad de almacenar datos que podr\u00e1n ser actualizados y recuperadas por la entidad responsable de su instalaci\u00f3n. As\u00ed, cada vez que el usuario vuelve a visitar el mismo sitio web, el explorador recupera el archivo y lo env\u00eda al servidor del sitio web. Las cookies tienen varias funciones entre las que se incluyen, la de recoger informaci\u00f3n sobre las preferencias del usuario y recordarla, y en general, facilitar el uso del sitio web al usuario haciendo que el sitio sea m\u00e1s \u00fatil al personalizar su contenido. Las cookies se pueden clasificar en base a diferentes par\u00e1metros: <strong>1.- Titularidad:<\/strong> <u>cookies propias y cookies de terceros:<\/u> dependiendo de cu\u00e1l sea la entidad que gestione el dominio desde donde se env\u00edan las cookies y se traten los datos que se obtengan. <strong>2.- Duraci\u00f3n:<\/strong> <u>cookies de sessi\u00f3n i cookies persistentes:<\/u> de acuerdo con el plazo de tiempo que permanecen almacenadas en el terminal del usuario. <strong>3.- Finalidad:<\/strong> <u>cookies t\u00e9cnicas, cookies de preferencias o personalizaci\u00f3n, cookies de an\u00e1lisis o medida y cookies de publicidad comportamental, de acuerdo con la finalidad para la que se traten los datos obtenidos. <\/u>     <\/p>\n<ul>\n<li><u>Cookies t\u00e9cnicas:<\/u> Son aquellas que permiten al usuario la navegaci\u00f3n a trav\u00e9s de la p\u00e1gina web o aplicaci\u00f3n y la utilizaci\u00f3n de las diferentes opciones o servicios que en ella existen. Por ejemplo, controlar el tr\u00e1fico y la comunicaci\u00f3n de datos, identificar la sesi\u00f3n o acceder a las partes web de acceso restringido. <\/li>\n<li><u>Cookies de preferencias o personalizaci\u00f3n: <\/u>Son aquellas que permiten recordar informaci\u00f3n para que el usuario acceda al servicio con determinadas caracter\u00edsticas que pueden diferenciar su experiencia de la de otros usuarios, como, por ejemplo, el idioma, el n\u00famero de resultados a mostrar cuando el usuario realiza una b\u00fasqueda, el aspecto o contenido del servicio en funci\u00f3n del tipo de navegador a trav\u00e9s del cual el usuario accede al servicio o de la regi\u00f3n desde la que accede al servicio, etc.<\/li>\n<li><u>Cookies de an\u00e1lisis o medici\u00f3n:<\/u> Son aquellas que permiten a su responsable el seguimiento y el an\u00e1lisis del comportamiento de los usuarios de los sitios web a los que est\u00e1n vinculadas, incluida la cuantificaci\u00f3n de los impactos de los anuncios. La informaci\u00f3n recogida mediante este tipo de cookies se utiliza en la medici\u00f3n de la actividad de los sitios web, aplicaci\u00f3n o plataforma, con el fin de introducir mejoras en funci\u00f3n del an\u00e1lisis de los datos de uso que hacen los usuarios del servicio. <\/li>\n<li><u>Cookies de publicidad comportamental:<\/u> Son aquellas que almacenan informaci\u00f3n del comportamiento de los usuarios obtenida a trav\u00e9s de la observaci\u00f3n continuada de sus h\u00e1bitos de navegaci\u00f3n, lo que permite desarrollar un perfil espec\u00edfico para mostrar publicidad en funci\u00f3n de este perfil.<\/li>\n<\/ul>\n<p><strong> <\/strong><\/p>\n<p><strong>Cookies utilizadas en nuestro sitio web<\/strong><\/p>\n<p><strong> <\/strong> Nuestro sitio web utiliza tanto cookies propias, que son las enviadas a su ordenador y gestionadas exclusivamente por nosotros para el mejor funcionamiento del sitio web, como cookies de terceros, con la funci\u00f3n de servirnos como herramienta de an\u00e1lisis de la interacci\u00f3n los usuarios con nuestra web, gracias a ellas obtenemos una informaci\u00f3n que puede ayudar a mejorar la navegaci\u00f3n y dar un mejor servicio a los usuarios y clientes. <\/p>\n<p>Nuestro sitio web utiliza tanto cookies temporales de sesi\u00f3n, como cookies persistentes. Las cookies de sesi\u00f3n almacenan datos \u00fanicamente mientras el usuario accede a la web y las cookies persistentes almacenan los datos en el terminal para que sean accedidas y utilizadas en m\u00e1s de una sesi\u00f3n. <\/p>\n<p>Concretamente las cookies utilizadas en nuestro sitio web que no son t\u00e9cnicas o de personalizaci\u00f3n, y que por tanto precisan de consentimiento del usuario son:<\/p>\n<p>[\/et_pb_text][et_pb_text _builder_version=\u00bb4.25.1&#8243; _module_preset=\u00bbdefault\u00bb text_font=\u00bbPoppins|300|||||||\u00bb text_orientation=\u00bbjustified\u00bb hover_enabled=\u00bb0&#8243; text_orientation_tablet=\u00bbjustified\u00bb text_orientation_phone=\u00bbleft\u00bb text_orientation_last_edited=\u00bbon|phone\u00bb global_colors_info=\u00bb{}\u00bb theme_builder_area=\u00bbpost_content\u00bb sticky_enabled=\u00bb0&#8243;]<\/p>\n<table width=\"113%\">\n<tbody>\n<tr>\n<td width=\"21%\"><strong>Nombre<\/strong><\/td>\n<td width=\"24%\"><strong>T<\/strong><strong>itular<\/strong><\/td>\n<td width=\"32%\"><strong>Finalidad<\/strong><\/td>\n<td width=\"22%\"><strong>Duraci\u00f3n<\/strong><\/td>\n<\/tr>\n<tr>\n<td width=\"21%\">_ga &nbsp;<\/td>\n<td width=\"24%\">ibanrocaarquitecte.com<\/td>\n<td width=\"32%\">Anal\u00edtica: <br \/>instalada por Google Analytics, calcula los datos de visitantes, sesiones y campa\u00f1as y tambi\u00e9n realiza un seguimiento del uso del sitio para el informe anal\u00edtico del sitio. La cookie almacena informaci\u00f3n de forma an\u00f3nima y asigna un n\u00famero generado aleatoriamente para reconocer a visitantes \u00fanicos. <\/td>\n<td width=\"22%\">1 a\u00f1os i 35 d\u00edas<\/td>\n<\/tr>\n<tr>\n<td width=\"21%\">&nbsp; _gat_gtag &nbsp;<\/td>\n<td width=\"24%\">ibanrocaarquitecte.com<\/td>\n<td width=\"32%\">Anal\u00edtica: Instalada por Google para distinguir los usuarios<\/td>\n<td width=\"22%\">1 minuto &nbsp;<\/td>\n<\/tr>\n<tr>\n<td width=\"21%\">gid<\/td>\n<td width=\"24%\">ibanrocaarquitecte.com<\/td>\n<td width=\"32%\">Anal\u00edtica: <br \/>Instalada por Google Analytics, la cookie _gid almacena informaci\u00f3n sobre como los visitantes usan un sitio web, al mismo tiempo que crea un informe anal\u00edtico dell rendimiento del sitio web. Algunos de los datos que se recopilan incluyen el n\u00famero de visitantes, su fuente y las p\u00e1ginas que visitan de forma an\u00f3nima. <\/td>\n<td width=\"22%\">1 d\u00eda<\/td>\n<\/tr>\n<\/tbody>\n<\/table>\n<p>[\/et_pb_text][et_pb_text _builder_version=\u00bb4.25.1&#8243; _module_preset=\u00bbdefault\u00bb text_font=\u00bbPoppins|300|||||||\u00bb text_orientation=\u00bbjustified\u00bb hover_enabled=\u00bb0&#8243; text_orientation_tablet=\u00bbjustified\u00bb text_orientation_phone=\u00bbleft\u00bb text_orientation_last_edited=\u00bbon|phone\u00bb global_colors_info=\u00bb{}\u00bb theme_builder_area=\u00bbpost_content\u00bb sticky_enabled=\u00bb0&#8243;]<\/p>\n<p>Para obtener m\u00e1s informaci\u00f3n sobre las cookies de terceros puede clicar en <a href=\"https:\/\/developers.google.com\/analytics\/devguides\/collection\/analyticsjs\/cookie-usage?hl=es\">Google Analytics;<\/a> <a href=\"https:\/\/policies.google.com\/technologies\/cookies?hl=es&amp;gl=es#types-of-cookies\">Google LLC.<\/a><\/p>\n<p><strong> <\/strong> Finalmente, tambi\u00e9n se utilizan cookies de complemento (plug-in) para intercambiar contenidos sociales. <strong> <\/strong><\/p>\n<p><strong>Consentimiento<\/strong> El consentimiento para el uso de las cookies antes enunciadas, por los plazos se\u00f1alados y en las condiciones contenidas en la presente Pol\u00edtica de Cookies, se obtendr\u00e1 con la aceptaci\u00f3n del aviso inicial de informaci\u00f3n sobre las cookies que se visualiza en el momento en que carga nuestra web.&nbsp;El empleo de cookies anal\u00edticas de Google implica una transmisi\u00f3n de datos a estas compa\u00f1\u00edas ubicadas en los Estados Unidos de Am\u00e9rica. Los Estados Unidos y la Uni\u00f3n Europea tienen un acuerdo Marco de Privacidad aprobado por la Decisi\u00f3n de Ejecuci\u00f3n de la Comisi\u00f3n de 10.7.2023 de acuerdo con el Reglamento (UE) 2016\/679 del Parlamento Europeo y del Consejo. Puede encontrar m\u00e1s informaci\u00f3n en la pol\u00edtica de privacidad de <a href=\"https:\/\/policies.google.com\/privacy?hl=es\">Google<\/a>.&nbsp; <br \/><strong>Retirada del consentimiento<\/strong> El usuario puede retirar su consentimiento para el uso de cookies en cualquier momento. Para ello, puede usar el bot\u00f3n de la web que haya a tal efecto o eliminar las cookies de su navegador.    <strong> <\/strong><\/p>\n<p><strong>\u00bfC\u00f3mo deshabilitar las cookies en los principales navegadores?<\/strong> Aunque puede variar ligeramente de una versi\u00f3n de navegador a otra, la configuraci\u00f3n de la pol\u00edtica de cookies para los navegadores m\u00e1s utilizados es la siguiente: <\/p>\n<ul>\n<li><a href=\"https:\/\/support.microsoft.com\/es-es\/help\/4468242\/microsoft-edge-browsing-data-and-privacy-microsoft-privacy\"><a href=\"https:\/\/support.microsoft.com\/es-es\/help\/4468242\/microsoft-edge-browsing-data-and-privacy-microsoft-privacy\">Edge<\/a><\/a><\/li>\n<li><a href=\"https:\/\/support.mozilla.org\/es\/kb\/clear-cookies-and-site-data-firefox\"><a href=\"https:\/\/support.mozilla.org\/es\/kb\/clear-cookies-and-site-data-firefox\">FireFox<\/a><\/a><\/li>\n<li><a href=\"https:\/\/support.google.com\/chrome\/answer\/95647?hl=es\"><a href=\"https:\/\/support.google.com\/chrome\/answer\/95647?hl=es\">Chrome<\/a><\/a><\/li>\n<li><a href=\"https:\/\/support.apple.com\/es-es\/guide\/safari\/manage-cookies-and-website-data-sfri11471\/mac\"><a href=\"https:\/\/support.apple.com\/es-es\/guide\/safari\/manage-cookies-and-website-data-sfri11471\/mac\">Safari (mac) <\/a> <\/a><\/li>\n<li><a href=\"https:\/\/support.apple.com\/es-es\/HT201265\"><a href=\"https:\/\/support.apple.com\/es-es\/HT201265\">Safari (iPhone\/iPad)<\/a><\/a><\/li>\n<li><a href=\"https:\/\/help.opera.com\/en\/latest\/web-preferences\/#cookies\"><a href=\"https:\/\/help.opera.com\/en\/latest\/web-preferences\/#cookies\">Opera <\/a> <\/a><\/li>\n<\/ul>\n<p>&nbsp; Adem\u00e1s, tambi\u00e9n puede gestionar el almac\u00e9n de cookies en su navegador a trav\u00e9s de herramientas como las siguientes: <\/p>\n<ul>\n<li><a href=\"https:\/\/www.youronlinechoices.com\/es\/\"><a href=\"https:\/\/www.youronlinechoices.com\/es\/\">Your online choices<\/a><\/a><\/li>\n<li><a href=\"https:\/\/www.ghostery.com\/\"><a href=\"https:\/\/www.ghostery.com\/\">Ghostery<\/a><\/a><\/li>\n<\/ul>\n<p><strong> <\/strong><\/p>\n<p><strong>Actualizaci\u00f3n de la pol\u00edtica de cookies<\/strong> <br \/>Este sitio web puede modificar esta Pol\u00edtica sobre Cookies, por ello le recomendamos revisar esta pol\u00edtica cada vez que acceda a nuestro sitio web para estar adecuadamente informado sobre el uso que hacemos de las cookies.&nbsp;<\/p>\n<p>[\/et_pb_text][\/et_pb_column][\/et_pb_row][\/et_pb_section]<\/p>\n","protected":false},"excerpt":{"rendered":"<p>Pol\u00edtica de cookies Nuestro sitio web utiliza una tecnolog\u00eda llamada \u00abcookie\u00bb, con el fin de poder obtener informaci\u00f3n sobre el uso del sitio web, mejorar la experiencia del usuario y garantizar el su correcto funcionamiento. Definici\u00f3n de cookie Una \u00abcookie\u00bb es un peque\u00f1o fragmento de texto que los sitios web env\u00edan al navegador y que [&hellip;]<\/p>\n","protected":false},"author":3,"featured_media":0,"parent":0,"menu_order":0,"comment_status":"closed","ping_status":"closed","template":"","meta":{"_et_pb_use_builder":"on","_et_pb_old_content":"","_et_gb_content_width":"","footnotes":""},"class_list":["post-239091","page","type-page","status-publish","hentry"],"yoast_head":"<!-- This site is optimized with the Yoast SEO plugin v27.4 - https:\/\/yoast.com\/product\/yoast-seo-wordpress\/ -->\n<title>Pol\u00edtica de Cookies - Iban Roca - Arquitecte i associats<\/title>\n<meta name=\"robots\" content=\"noindex, nofollow\" \/>\n<meta property=\"og:locale\" content=\"es_ES\" \/>\n<meta property=\"og:type\" content=\"article\" \/>\n<meta property=\"og:title\" content=\"Pol\u00edtica de Cookies - Iban Roca - Arquitecte i associats\" \/>\n<meta property=\"og:description\" content=\"Pol\u00edtica de cookies Nuestro sitio web utiliza una tecnolog\u00eda llamada &quot;cookie&quot;, con el fin de poder obtener informaci\u00f3n sobre el uso del sitio web, mejorar la experiencia del usuario y garantizar el su correcto funcionamiento. Definici\u00f3n de cookie Una &quot;cookie&quot; es un peque\u00f1o fragmento de texto que los sitios web env\u00edan al navegador y que [&hellip;]\" \/>\n<meta property=\"og:url\" content=\"https:\/\/www.ibanrocaarquitecte.com\/es\/politica-de-cookies\/\" \/>\n<meta property=\"og:site_name\" content=\"Iban Roca - Arquitecte i associats\" \/>\n<meta property=\"article:modified_time\" content=\"2024-08-06T07:49:31+00:00\" \/>\n<meta name=\"twitter:card\" content=\"summary_large_image\" \/>\n<meta name=\"twitter:label1\" content=\"Tiempo de lectura\" \/>\n\t<meta name=\"twitter:data1\" content=\"7 minutos\" \/>\n<script type=\"application\/ld+json\" class=\"yoast-schema-graph\">{\"@context\":\"https:\\\/\\\/schema.org\",\"@graph\":[{\"@type\":\"WebPage\",\"@id\":\"https:\\\/\\\/www.ibanrocaarquitecte.com\\\/es\\\/politica-de-cookies\\\/\",\"url\":\"https:\\\/\\\/www.ibanrocaarquitecte.com\\\/es\\\/politica-de-cookies\\\/\",\"name\":\"Pol\u00edtica de Cookies - Iban Roca - Arquitecte i associats\",\"isPartOf\":{\"@id\":\"https:\\\/\\\/www.ibanrocaarquitecte.com\\\/es\\\/#website\"},\"datePublished\":\"2021-09-10T08:16:30+00:00\",\"dateModified\":\"2024-08-06T07:49:31+00:00\",\"breadcrumb\":{\"@id\":\"https:\\\/\\\/www.ibanrocaarquitecte.com\\\/es\\\/politica-de-cookies\\\/#breadcrumb\"},\"inLanguage\":\"es\",\"potentialAction\":[{\"@type\":\"ReadAction\",\"target\":[\"https:\\\/\\\/www.ibanrocaarquitecte.com\\\/es\\\/politica-de-cookies\\\/\"]}]},{\"@type\":\"BreadcrumbList\",\"@id\":\"https:\\\/\\\/www.ibanrocaarquitecte.com\\\/es\\\/politica-de-cookies\\\/#breadcrumb\",\"itemListElement\":[{\"@type\":\"ListItem\",\"position\":1,\"name\":\"Portada\",\"item\":\"https:\\\/\\\/www.ibanrocaarquitecte.com\\\/es\\\/proyectos\\\/\"},{\"@type\":\"ListItem\",\"position\":2,\"name\":\"Pol\u00edtica de Cookies\"}]},{\"@type\":\"WebSite\",\"@id\":\"https:\\\/\\\/www.ibanrocaarquitecte.com\\\/es\\\/#website\",\"url\":\"https:\\\/\\\/www.ibanrocaarquitecte.com\\\/es\\\/\",\"name\":\"Iban Roca - Arquitecte\",\"description\":\"Estudi d&#039;arquitectura a Girona\",\"potentialAction\":[{\"@type\":\"SearchAction\",\"target\":{\"@type\":\"EntryPoint\",\"urlTemplate\":\"https:\\\/\\\/www.ibanrocaarquitecte.com\\\/es\\\/?s={search_term_string}\"},\"query-input\":{\"@type\":\"PropertyValueSpecification\",\"valueRequired\":true,\"valueName\":\"search_term_string\"}}],\"inLanguage\":\"es\"}]}<\/script>\n<!-- \/ Yoast SEO plugin. -->","yoast_head_json":{"title":"Pol\u00edtica de Cookies - Iban Roca - Arquitecte i associats","robots":{"index":"noindex","follow":"nofollow"},"og_locale":"es_ES","og_type":"article","og_title":"Pol\u00edtica de Cookies - Iban Roca - Arquitecte i associats","og_description":"Pol\u00edtica de cookies Nuestro sitio web utiliza una tecnolog\u00eda llamada \"cookie\", con el fin de poder obtener informaci\u00f3n sobre el uso del sitio web, mejorar la experiencia del usuario y garantizar el su correcto funcionamiento. Definici\u00f3n de cookie Una \"cookie\" es un peque\u00f1o fragmento de texto que los sitios web env\u00edan al navegador y que [&hellip;]","og_url":"https:\/\/www.ibanrocaarquitecte.com\/es\/politica-de-cookies\/","og_site_name":"Iban Roca - Arquitecte i associats","article_modified_time":"2024-08-06T07:49:31+00:00","twitter_card":"summary_large_image","twitter_misc":{"Tiempo de lectura":"7 minutos"},"schema":{"@context":"https:\/\/schema.org","@graph":[{"@type":"WebPage","@id":"https:\/\/www.ibanrocaarquitecte.com\/es\/politica-de-cookies\/","url":"https:\/\/www.ibanrocaarquitecte.com\/es\/politica-de-cookies\/","name":"Pol\u00edtica de Cookies - Iban Roca - Arquitecte i associats","isPartOf":{"@id":"https:\/\/www.ibanrocaarquitecte.com\/es\/#website"},"datePublished":"2021-09-10T08:16:30+00:00","dateModified":"2024-08-06T07:49:31+00:00","breadcrumb":{"@id":"https:\/\/www.ibanrocaarquitecte.com\/es\/politica-de-cookies\/#breadcrumb"},"inLanguage":"es","potentialAction":[{"@type":"ReadAction","target":["https:\/\/www.ibanrocaarquitecte.com\/es\/politica-de-cookies\/"]}]},{"@type":"BreadcrumbList","@id":"https:\/\/www.ibanrocaarquitecte.com\/es\/politica-de-cookies\/#breadcrumb","itemListElement":[{"@type":"ListItem","position":1,"name":"Portada","item":"https:\/\/www.ibanrocaarquitecte.com\/es\/proyectos\/"},{"@type":"ListItem","position":2,"name":"Pol\u00edtica de Cookies"}]},{"@type":"WebSite","@id":"https:\/\/www.ibanrocaarquitecte.com\/es\/#website","url":"https:\/\/www.ibanrocaarquitecte.com\/es\/","name":"Iban Roca - Arquitecte","description":"Estudi d&#039;arquitectura a Girona","potentialAction":[{"@type":"SearchAction","target":{"@type":"EntryPoint","urlTemplate":"https:\/\/www.ibanrocaarquitecte.com\/es\/?s={search_term_string}"},"query-input":{"@type":"PropertyValueSpecification","valueRequired":true,"valueName":"search_term_string"}}],"inLanguage":"es"}]}},"_links":{"self":[{"href":"https:\/\/www.ibanrocaarquitecte.com\/es\/wp-json\/wp\/v2\/pages\/239091","targetHints":{"allow":["GET"]}}],"collection":[{"href":"https:\/\/www.ibanrocaarquitecte.com\/es\/wp-json\/wp\/v2\/pages"}],"about":[{"href":"https:\/\/www.ibanrocaarquitecte.com\/es\/wp-json\/wp\/v2\/types\/page"}],"author":[{"embeddable":true,"href":"https:\/\/www.ibanrocaarquitecte.com\/es\/wp-json\/wp\/v2\/users\/3"}],"replies":[{"embeddable":true,"href":"https:\/\/www.ibanrocaarquitecte.com\/es\/wp-json\/wp\/v2\/comments?post=239091"}],"version-history":[{"count":0,"href":"https:\/\/www.ibanrocaarquitecte.com\/es\/wp-json\/wp\/v2\/pages\/239091\/revisions"}],"wp:attachment":[{"href":"https:\/\/www.ibanrocaarquitecte.com\/es\/wp-json\/wp\/v2\/media?parent=239091"}],"curies":[{"name":"wp","href":"https:\/\/api.w.org\/{rel}","templated":true}]}}